{"id":3,"date":"2024-10-24T13:48:22","date_gmt":"2024-10-24T13:48:22","guid":{"rendered":"https:\/\/impiantitservice-fotovoltaico.it\/?page_id=3"},"modified":"2024-10-24T14:37:28","modified_gmt":"2024-10-24T14:37:28","slug":"privacy-policy","status":"publish","type":"page","link":"https:\/\/impiantitservice-fotovoltaico.it\/?page_id=3","title":{"rendered":"Privacy &#038; Cookie Policy"},"content":{"rendered":"\n<h2 class=\"wp-block-heading\"><strong>Informativa privacy<\/strong><\/h2>\n\n\n\n<p>La presente informativa \u00e8 resa ai sensi dell\u2019art. 13 Regolamento UE 2016\/679 per la protezione dei dati personali.<\/p>\n\n\n\n<p>Il Titolare del trattamento \u00e8:<\/p>\n\n\n\n<p>Impianti T service S.r.l.<\/p>\n\n\n\n<p>Sede legale:<br>Via Ottaviano 42 \u2013 00192 Roma<\/p>\n\n\n\n<p>Sede operativa:<br>Via G.Mondaini 42 \u2013 00192 Roma<\/p>\n\n\n\n<p>Tel. 800 161 722<\/p>\n\n\n\n<p>Email: segreteria@impiatitservice.it<\/p>\n\n\n\n<p>PI: 13808941002<\/p>\n\n\n\n<p><strong>Natura del conferimento<\/strong><\/p>\n\n\n\n<p>Il conferimento dei dati \u00e8 facoltativo. Il rifiuto a fornire i dati comporta l\u2019impossibilit\u00e0 di essere ricontattati per le finalit\u00e0 sotto riportate. Il conferimento a fini di marketing \u00e8 facoltativo e non comporta l\u2019impossibilit\u00e0 di essere ricontattati per le altre finalit\u00e0.<\/p>\n\n\n\n<p><strong>Finalit\u00e0 del trattamento e base giuridica<\/strong><\/p>\n\n\n\n<ol class=\"wp-block-list\">\n<li>esecuzione di obblighi derivanti da contratti stipulati con il Titolare e\/o adempimento, prima della conclusione del contratto, di specifiche richieste dell\u2019Interessato;<\/li>\n\n\n\n<li>adempimento di obblighi previsti dalla legge, da regolamenti o dalla normativa comunitaria;<\/li>\n<\/ol>\n\n\n\n<p>In merito alle finalit\u00e0 sub a) e b), La informiamo che il trattamento e la comunicazione dei Suoi dati personali da parte del Titolare non necessita del Suo consenso in quanto trattamento necessario per l\u2019esecuzione di obblighi derivanti dal contratto stesso e\/o per l\u2019esecuzione di prestazioni da Lei richieste prima della conclusione del contratto nonch\u00e9 per ottemperare ad obblighi di legge.<\/p>\n\n\n\n<p><strong>Modalit\u00e0 per il trattamento dei dati<\/strong><\/p>\n\n\n\n<p>I dati raccolti sono trattati con strumenti informatici.<\/p>\n\n\n\n<p>Idonee misure di sicurezza sono osservate per prevenire la perdita dei dati, usi illeciti o non corretti ed accessi non autorizzati.<\/p>\n\n\n\n<p><strong>Chi tratta i tuoi dati<\/strong><\/p>\n\n\n\n<p>I trattamenti di dati personali hanno luogo presso la predetta sede e sono curati da personale incaricato.<\/p>\n\n\n\n<p><strong>Trasferimento dei dati<\/strong><\/p>\n\n\n\n<p>I dati saranno trasferiti solo all\u2019interno della UE.<br>Alcune applicazioni come Google Analytics e reCaptcha potrebbero subire trasferimenti extra UE.<\/p>\n\n\n\n<p><strong>Periodo di conservazione dei dati<\/strong><\/p>\n\n\n\n<p>Il tempo di conservazione delle scelte dell\u2019utente riferito ai cookie \u00e8 di sei mesi come richiesto dal provvedimento.<\/p>\n\n\n\n<p>Il tempo di conservazione dei cookie cambia a secondo della tipologia di appartenenza. Per i cookie di profilazione di terze parti possono essere consultati direttamente le specifiche sui relativi siti.<\/p>\n\n\n\n<p>I dati personali trattati per finalit\u00e0 di contatto o economiche, saranno trattati per i tempi obbligatori previsti dalle leggi di competenza.<\/p>\n\n\n\n<p><strong>Diritti degli interessati ex art 15 UE 2016\/679<\/strong><\/p>\n\n\n\n<p>Gli interessati hanno il diritto di ottenere dal Titolare, nei casi previsti, l\u2019accesso ai propri dati personali e la rettifica o la cancellazione degli stessi o la limitazione del trattamento che li riguarda o di opporsi al trattamento (artt. 15 e ss. del Regolamento).&nbsp;Le richieste vanno inoltrate al Titolare del trattamento ai riferimenti riportati all\u2019inizio della presente informativa.<\/p>\n\n\n\n<p><strong>Diritto di reclamo<\/strong><\/p>\n\n\n\n<p>Gli interessati che ritengono che il trattamento dei dati personali a loro riferiti effettuato attraverso questo sito avvenga in violazione di quanto previsto dal Regolamento hanno il diritto di proporre reclamo al Garante, come previsto dall\u2019art. 77 del Regolamento stesso, o di adire le opportune sedi giudiziarie (art. 79 del Regolamento).<\/p>\n\n\n\n<h2 class=\"wp-block-heading\">COOKIE Policy<\/h2>\n\n\n\n<p>L\u2019informativa di seguito riportata \u00e8 relativa all\u2019uso dei dati personali e dei&nbsp;<em>cookie<\/em>&nbsp;su questo sito web.<\/p>\n\n\n\n<p>Per quanto concerne i cookie \u00e8 resa all\u2019utente\/navigatore in attuazione del provvedimento del Garante per la protezione dei dati personali del 10 giugno 2021 \u201cLinee guida cookie e altri strumenti di tracciamento\u201d e nel rispetto dell\u2019art. 13 del Regolamento UE 2016\/679 per la protezione dei dati personali.<\/p>\n\n\n\n<p>Ai sensi del Regolamento (UE) 2016\/679 (di seguito \u201cRegolamento\u201d), questa pagina descrive le modalit\u00e0 di trattamento dei dati personali dell\u2019utente\/navigatore durante la fruizione dei servizi del sito e le possibilit\u00e0 di contatto e di acquisizione dei dati personali dell\u2019utente, nel pieno rispetto dell\u2019art. 13 del Regolamento UE 2016\/679 per la protezione dei dati personali, relativo agli utenti che consultano i presenti siti web accessibili per via telematica ai seguenti indirizzi:&nbsp;<a href=\"https:\/\/cfaristrutturazioni.it\/\">https:\/\/cfaristrutturazioni.it\/<\/a><\/p>\n\n\n\n<p>Le presenti informazioni non riguardano altri siti, pagine o servizi online raggiungibili tramite link ipertestuali eventualmente pubblicati nei siti ma riferiti a risorse esterne ai presenti domini.<\/p>\n\n\n\n<p><strong>TITOLARE DEL TRATTAMENTO<\/strong><\/p>\n\n\n\n<p>A seguito della consultazione dei siti sopra elencati possono essere trattati dati relativi a persone fisiche identificate o identificabili.<\/p>\n\n\n\n<p>Il Titolare del trattamento \u00e8:<\/p>\n\n\n\n<p>Impianti T service S.r.l.<\/p>\n\n\n\n<p>Sede legale:<br>Via Ottaviano 42 \u2013 00192 Roma<\/p>\n\n\n\n<p>Sede operativa:<br>Via G.Mondaini 42 \u2013 00192 Roma<\/p>\n\n\n\n<p>Tel. 800 161 722<\/p>\n\n\n\n<p>Email: segreteria@impiatitservice.it<\/p>\n\n\n\n<p>PI: 13808941002<\/p>\n\n\n\n<p><strong>TIPI DI DATI TRATTATI E FINALIT\u00c0 DEL TRATTAMENTO<\/strong><\/p>\n\n\n\n<p>Funzionalit\u00e0 tecniche di navigazione<\/p>\n\n\n\n<p><em>Dati di navigazione<\/em><\/p>\n\n\n\n<p>I sistemi informatici e le procedure software preposte al funzionamento di questo sito acquisiscono, nel corso del loro normale esercizio, alcuni dati personali la cui trasmissione \u00e8 implicita nell\u2019uso dei protocolli di comunicazione di Internet.<\/p>\n\n\n\n<p>In questa categoria di dati rientrano, in via esplicativa ma non esaustiva, gli indirizzi IP o i nomi a dominio dei computer e dei terminali utilizzati dagli utenti, gli indirizzi in notazione URI\/URL (Uniform Resource Identifier\/Locator) delle risorse richieste, l\u2019orario della richiesta, il metodo utilizzato nel sottoporre la richiesta al server, la dimensione del file ottenuto in risposta, il codice numerico indicante lo stato della risposta data dal server (buon fine, errore, ecc.) ed altri parametri relativi al sistema operativo e all\u2019ambiente informatico dell\u2019utente.<\/p>\n\n\n\n<p>Tali dati, necessari per la fruizione dei servizi web, vengono anche trattati allo scopo di:<\/p>\n\n\n\n<ul class=\"wp-block-list\">\n<li>ottenere informazioni statistiche sull\u2019uso dei servizi (pagine pi\u00f9 visitate, numero di visitatori per fascia oraria o giornaliera, aree geografiche di provenienza, ecc.);<\/li>\n\n\n\n<li>controllare il corretto funzionamento dei servizi offerti.<\/li>\n<\/ul>\n\n\n\n<p>I dati di navigazione non persistono pi\u00f9 del tempo strettamente necessario e vengono cancellati immediatamente dopo la loro aggregazione (salve eventuali necessit\u00e0 di accertamento di reati da parte dell\u2019Autorit\u00e0 giudiziaria).<\/p>\n\n\n\n<p><em>Dati comunicati dall\u2019utente<\/em><\/p>\n\n\n\n<p>L\u2019invio facoltativo, esplicito e volontario di messaggi agli indirizzi di contatto del Titolare, nonch\u00e9 la compilazione e l\u2019inoltro dei moduli presenti sul sito, comportano l\u2019acquisizione dei dati di contatto del mittente, necessari a rispondere, nonch\u00e9 di tutti i dati personali inclusi nelle comunicazioni.<\/p>\n\n\n\n<p>Specifiche informative verranno pubblicate nelle pagine dei siti del Titolare predisposte per l\u2019erogazione di determinati servizi.<\/p>\n\n\n\n<p><em>Cookie e altri sistemi di tracciamento<\/em><\/p>\n\n\n\n<p>Su questo sito web sono utilizzati&nbsp;<em>cookie<\/em>, finalizzati a garantire la corretta fruizione dei contenuti del sito.<\/p>\n\n\n\n<p>Nel sito viene fatto uso di cookie tecnici e di sessione (non persistenti) in modo strettamente limitato a quanto necessario per la navigazione sicura ed efficiente del sito. La memorizzazione dei cookie di sessione nei terminali o nei browser \u00e8 sotto il controllo dell\u2019utente, laddove sui server, al termine delle sessioni HTTP, informazioni relative ai cookie restano registrate nei log dei servizi, con tempi di conservazione strettamente necessari al corretto funzionamento.<\/p>\n\n\n\n<p><em>Funzionamento del banner<\/em><\/p>\n\n\n\n<p>Il banner di gestione della privacy attivato su questo sito non permette a nessun cookie di profilazione di attivarsi prima che l\u2019utente abbia dato il proprio consenso. Se l\u2019utente clicca il tasto acconsento, tutti i cookie di profilazione si attiveranno. Se invece l\u2019utente decide cliccare il tasto personalizza sar\u00e0 lui a personalizzare le sue scelte e decidere quali cookie di profilazione attivare. Se clicca sul tasto rifiuta o sulla X in alto a desta del banner, nessun cookie di profilazione si attiver\u00e0.<\/p>\n\n\n\n<p>Le scelte dell\u2019utente verranno memorizzate per sei mesi tramite un cookie tecnico che si installer\u00e0 sul dispositivo usato dall\u2019utente per accedere al sito. \u00c8 importante spiegare che se l\u2019utente cambiasse dispositivo, quindi magari dal computer passasse al cellulare, le scelte non si potranno trovare sul nuovo dispositivo, per motivi tecnici, e quindi dovranno essere selezionate sul nuovo dispositivo.<\/p>\n\n\n\n<p>Le scelte dell\u2019utente potranno essere cambiate in qualsiasi momento accedendo al pannello di controllo dall\u2019icona di controllo privacy. La nuova configurazione avr\u00e0 una durata di sei mesi.<\/p>\n\n\n\n<p>Nel sito viene fatto uso di cookie per la profilazione di terze parti come meglio specificato qui di seguito.<\/p>\n\n\n\n<p><em>Quali&nbsp;cookie sono installati su questo sito?<\/em><\/p>\n\n\n\n<p>Sono installati i seguenti cookie:<\/p>\n\n\n\n<p><strong>Google Tag Manager<\/strong><\/p>\n\n\n\n<p>Google Tag Manager \u00e8 un servizio di gestione dei tag fornito da Google Ireland Limited.<\/p>\n\n\n\n<p>Luogo del trattamento: Irlanda \u2013&nbsp;<a target=\"_blank\" href=\"https:\/\/policies.google.com\/privacy\" rel=\"noreferrer noopener\">Privacy Policy<\/a><\/p>\n\n\n\n<p><strong>Google reCAPTCHA<\/strong><\/p>\n\n\n\n<p>Google reCAPTCHA \u00e8 un servizio di protezione dallo SPAM fornito da Google Ireland Limited.<\/p>\n\n\n\n<p>L\u2019utilizzo del sistema reCAPTCHA \u00e8 soggetto alla&nbsp;<a href=\"https:\/\/www.google.com\/intl\/it\/policies\/privacy\/\" target=\"_blank\" rel=\"noreferrer noopener\">privacy policy<\/a>&nbsp; secondo&nbsp;<a href=\"https:\/\/www.google.com\/intl\/it\/policies\/terms\/\" target=\"_blank\" rel=\"noreferrer noopener\">termini di utilizzo<\/a>&nbsp;di Google.<\/p>\n\n\n\n<p>Luogo del trattamento: Irlanda \u2013&nbsp;<a target=\"_blank\" href=\"https:\/\/policies.google.com\/privacy\" rel=\"noreferrer noopener\">Privacy Policy<\/a><\/p>\n\n\n\n<p><strong>Google Fonts<\/strong><\/p>\n\n\n\n<p>Google Fonts \u00e8 un servizio per visualizzare gli stili dei caratteri di scrittura gestito da&nbsp;Google Ireland Limited e serve ad integrare tali contenuti all\u2019interno delle proprie pagine.<\/p>\n\n\n\n<p>Luogo del trattamento: Irlanda \u2013&nbsp;<a target=\"_blank\" href=\"https:\/\/policies.google.com\/privacy\" rel=\"noreferrer noopener\">Privacy Policy<\/a><\/p>\n\n\n\n<p><strong>BASE GIURIDICA DEL TRATTAMENTO<\/strong><\/p>\n\n\n\n<p>I dati personali indicati in questa pagina sono trattati dal Titolare nell\u2019esecuzione dei servizi erogati dal sito e successivamente, se previsto dal sito stesso, da obblighi contrattuali o di legge.<\/p>\n\n\n\n<p>Nel caso ci siano apposite sezioni di iscrizioni a newsletter o servizi di marketing saranno gestiti da specifiche informative.<\/p>\n\n\n\n<p><strong>FACOLTATIVITA\u2019 DEL CONFERIMENTO DEI DATI<\/strong><\/p>\n\n\n\n<p>Come previsto dal provvedimento del 10 giugno 2021 \u201cLinee guida cookie e altri strumenti di tracciamento\u201d l\u2019utente del sito \u00e8 libero di autorizzare o non autorizzare i cookie di profilazione secondo la sua liber\u00e0 scelta e volont\u00e0. In alcuni casi, come ad esempio il cookie del reCaptcha di Google il blocco di tale cookie di profilazione impedisce di poter inviare la richiesta tramite i moduli di acquisizione dei dati. Se necessario sar\u00e0 possibile o riabilitare il cookie dalle preferenze privacy o eventualmente se si decidesse di mantenere il blocco dei cookie inviare tale richiesta via mail.<\/p>\n\n\n\n<p>A parte quanto specificato per i dati di navigazione, l\u2019utente \u00e8 libero di fornire i dati personali riportati nei moduli di richiesta presenti sui siti o comunque indicati in contatti con le strutture per sollecitare l\u2019invio della newsletter, di materiale informativo o di altre comunicazioni.<\/p>\n\n\n\n<p>Il loro mancato conferimento pu\u00f2 comportare l\u2019impossibilit\u00e0 di ottenere quanto richiesto.<\/p>\n\n\n\n<p><strong>LEGITTIMO INTERESSE<\/strong><\/p>\n\n\n\n<p>Il titolare non si avvale del legittimo interesse per il trattamento dei dati personali se non per la tutela dei propri diritti.<\/p>\n\n\n\n<p><strong>MODALITA\u2019 DEL TRATTAMENTO<\/strong><\/p>\n\n\n\n<p>I dati personali sono trattati con strumenti automatizzati per il tempo strettamente necessario a conseguire gli scopi per cui sono stati raccolti.<\/p>\n\n\n\n<p>Specifiche misure di sicurezza sono osservate per prevenire la perdita dei dati, usi illeciti o non corretti ed accessi non autorizzati.<\/p>\n\n\n\n<p><strong>DESTINATARI DEI DATI<\/strong><\/p>\n\n\n\n<p>Sono destinatari dei dati raccolti a seguito della consultazione dei siti sopra elencati i seguenti soggetti designati dal Titolare, ai sensi dell\u2019articolo 28 del Regolamento, quali responsabili del trattamento. L\u2019elenco completo dei Responsabili \u00e8 a disposizione presso la sede del Titolare e pu\u00f2 essere richiesto via mail.<\/p>\n\n\n\n<p>I dati personali raccolti sono altres\u00ec trattati dal personale incaricato al trattamento, che agisce sulla base di specifiche istruzioni fornite in ordine a finalit\u00e0 e modalit\u00e0 del trattamento medesimo.<\/p>\n\n\n\n<p><strong>TRASFERIMENTO DEI DATI<\/strong><\/p>\n\n\n\n<p>I dati saranno trasferiti solo all\u2019interno della UE.<br>Alcune applicazioni come Google Analytics e reCaptcha potrebbero subire trasferimenti extra UE.<\/p>\n\n\n\n<p><strong>PERIODO DI CONSERVAZIONE DEI DATI<\/strong><\/p>\n\n\n\n<p>Il tempo di conservazione delle scelte dell\u2019utente riferito ai cookie \u00e8 di sei mesi come richiesto dal provvedimento.<\/p>\n\n\n\n<p>Il tempo di conservazione dei cookie cambia a secondo della tipologia di appartenenza. Per i cookie di profilazione di terze parti possono essere consultati direttamente le specifiche sui relativi siti.<\/p>\n\n\n\n<p>I dati personali trattati per finalit\u00e0 di contatto o economiche, saranno trattati per i tempi obbligatori previsti dalle leggi di competenza.<\/p>\n\n\n\n<p><strong>DIRITTI DEGLI INTERESSATI EX ART 15 UE 2016\/679<\/strong><\/p>\n\n\n\n<p>Gli interessati hanno il diritto di ottenere dal Titolare, nei casi previsti, l\u2019accesso ai propri dati personali e la rettifica o la cancellazione degli stessi o la limitazione del trattamento che li riguarda o di opporsi al trattamento (artt. 15 e ss. del Regolamento).&nbsp;Le richieste vanno inoltrate al Titolare del trattamento ai riferimenti riportati all\u2019inizio della presente informativa.<\/p>\n\n\n\n<p><strong>DIRITTO DI RECLAMO<\/strong><\/p>\n\n\n\n<p>Gli interessati che ritengono che il trattamento dei dati personali a loro riferiti effettuato attraverso questo sito avvenga in violazione di quanto previsto dal Regolamento hanno il diritto di proporre reclamo al Garante, come previsto dall\u2019art. 77 del Regolamento stesso, o di adire le opportune sedi giudiziarie (art. 79 del Regolamento).<\/p>\n","protected":false},"excerpt":{"rendered":"<p>Informativa privacy La presente informativa \u00e8 resa ai sensi dell\u2019art. 13 Regolamento UE 2016\/679 per la protezione dei dati personali. Il Titolare del trattamento \u00e8: Impianti T service S.r.l. Sede legale:Via Ottaviano 42 \u2013 00192 Roma Sede operativa:Via G.Mondaini 42 \u2013 00192 Roma Tel. 800 161 722 Email: segreteria@impiatitservice.it PI: 13808941002 Natura del conferimento Il [&hellip;]<\/p>\n","protected":false},"author":1,"featured_media":0,"parent":0,"menu_order":0,"comment_status":"closed","ping_status":"closed","template":"","meta":{"footnotes":""},"class_list":["post-3","page","type-page","status-publish","hentry"],"yoast_head":"<!-- This site is optimized with the Yoast SEO plugin v23.7 - https:\/\/yoast.com\/wordpress\/plugins\/seo\/ -->\n<title>Privacy &amp; Cookie Policy - Fotovoltaico Impianti T service<\/title>\n<meta name=\"robots\" content=\"index, follow, max-snippet:-1, max-image-preview:large, max-video-preview:-1\" \/>\n<link rel=\"canonical\" href=\"https:\/\/impiantitservice-fotovoltaico.it\/?page_id=3\" \/>\n<meta property=\"og:locale\" content=\"it_IT\" \/>\n<meta property=\"og:type\" content=\"article\" \/>\n<meta property=\"og:title\" content=\"Privacy &amp; Cookie Policy - Fotovoltaico Impianti T service\" \/>\n<meta property=\"og:description\" content=\"Informativa privacy La presente informativa \u00e8 resa ai sensi dell\u2019art. 13 Regolamento UE 2016\/679 per la protezione dei dati personali. Il Titolare del trattamento \u00e8: Impianti T service S.r.l. Sede legale:Via Ottaviano 42 \u2013 00192 Roma Sede operativa:Via G.Mondaini 42 \u2013 00192 Roma Tel. 800 161 722 Email: segreteria@impiatitservice.it PI: 13808941002 Natura del conferimento Il [&hellip;]\" \/>\n<meta property=\"og:url\" content=\"https:\/\/impiantitservice-fotovoltaico.it\/?page_id=3\" \/>\n<meta property=\"og:site_name\" content=\"Fotovoltaico Impianti T service\" \/>\n<meta property=\"article:modified_time\" content=\"2024-10-24T14:37:28+00:00\" \/>\n<meta name=\"twitter:card\" content=\"summary_large_image\" \/>\n<meta name=\"twitter:label1\" content=\"Tempo di lettura stimato\" \/>\n\t<meta name=\"twitter:data1\" content=\"10 minuti\" \/>\n<script type=\"application\/ld+json\" class=\"yoast-schema-graph\">{\"@context\":\"https:\/\/schema.org\",\"@graph\":[{\"@type\":\"WebPage\",\"@id\":\"https:\/\/impiantitservice-fotovoltaico.it\/?page_id=3\",\"url\":\"https:\/\/impiantitservice-fotovoltaico.it\/?page_id=3\",\"name\":\"Privacy & Cookie Policy - Fotovoltaico Impianti T service\",\"isPartOf\":{\"@id\":\"https:\/\/impiantitservice-fotovoltaico.it\/#website\"},\"datePublished\":\"2024-10-24T13:48:22+00:00\",\"dateModified\":\"2024-10-24T14:37:28+00:00\",\"breadcrumb\":{\"@id\":\"https:\/\/impiantitservice-fotovoltaico.it\/?page_id=3#breadcrumb\"},\"inLanguage\":\"it-IT\",\"potentialAction\":[{\"@type\":\"ReadAction\",\"target\":[\"https:\/\/impiantitservice-fotovoltaico.it\/?page_id=3\"]}]},{\"@type\":\"BreadcrumbList\",\"@id\":\"https:\/\/impiantitservice-fotovoltaico.it\/?page_id=3#breadcrumb\",\"itemListElement\":[{\"@type\":\"ListItem\",\"position\":1,\"name\":\"Home\",\"item\":\"https:\/\/impiantitservice-fotovoltaico.it\/\"},{\"@type\":\"ListItem\",\"position\":2,\"name\":\"Privacy &#038; Cookie Policy\"}]},{\"@type\":\"WebSite\",\"@id\":\"https:\/\/impiantitservice-fotovoltaico.it\/#website\",\"url\":\"https:\/\/impiantitservice-fotovoltaico.it\/\",\"name\":\"Fotovoltaico Impianti T service\",\"description\":\"Installazione impianti fotovoltaici\",\"publisher\":{\"@id\":\"https:\/\/impiantitservice-fotovoltaico.it\/#organization\"},\"potentialAction\":[{\"@type\":\"SearchAction\",\"target\":{\"@type\":\"EntryPoint\",\"urlTemplate\":\"https:\/\/impiantitservice-fotovoltaico.it\/?s={search_term_string}\"},\"query-input\":{\"@type\":\"PropertyValueSpecification\",\"valueRequired\":true,\"valueName\":\"search_term_string\"}}],\"inLanguage\":\"it-IT\"},{\"@type\":\"Organization\",\"@id\":\"https:\/\/impiantitservice-fotovoltaico.it\/#organization\",\"name\":\"Fotovoltaico Impianti T service\",\"url\":\"https:\/\/impiantitservice-fotovoltaico.it\/\",\"logo\":{\"@type\":\"ImageObject\",\"inLanguage\":\"it-IT\",\"@id\":\"https:\/\/impiantitservice-fotovoltaico.it\/#\/schema\/logo\/image\/\",\"url\":\"https:\/\/impiantitservice-fotovoltaico.it\/wp-content\/uploads\/2024\/10\/1_-_Logo_Impianti_T_Service_orizzontale_RGB-removebg-preview.png\",\"contentUrl\":\"https:\/\/impiantitservice-fotovoltaico.it\/wp-content\/uploads\/2024\/10\/1_-_Logo_Impianti_T_Service_orizzontale_RGB-removebg-preview.png\",\"width\":764,\"height\":149,\"caption\":\"Fotovoltaico Impianti T service\"},\"image\":{\"@id\":\"https:\/\/impiantitservice-fotovoltaico.it\/#\/schema\/logo\/image\/\"}}]}<\/script>\n<!-- \/ Yoast SEO plugin. -->","yoast_head_json":{"title":"Privacy & Cookie Policy - Fotovoltaico Impianti T service","robots":{"index":"index","follow":"follow","max-snippet":"max-snippet:-1","max-image-preview":"max-image-preview:large","max-video-preview":"max-video-preview:-1"},"canonical":"https:\/\/impiantitservice-fotovoltaico.it\/?page_id=3","og_locale":"it_IT","og_type":"article","og_title":"Privacy & Cookie Policy - Fotovoltaico Impianti T service","og_description":"Informativa privacy La presente informativa \u00e8 resa ai sensi dell\u2019art. 13 Regolamento UE 2016\/679 per la protezione dei dati personali. Il Titolare del trattamento \u00e8: Impianti T service S.r.l. Sede legale:Via Ottaviano 42 \u2013 00192 Roma Sede operativa:Via G.Mondaini 42 \u2013 00192 Roma Tel. 800 161 722 Email: segreteria@impiatitservice.it PI: 13808941002 Natura del conferimento Il [&hellip;]","og_url":"https:\/\/impiantitservice-fotovoltaico.it\/?page_id=3","og_site_name":"Fotovoltaico Impianti T service","article_modified_time":"2024-10-24T14:37:28+00:00","twitter_card":"summary_large_image","twitter_misc":{"Tempo di lettura stimato":"10 minuti"},"schema":{"@context":"https:\/\/schema.org","@graph":[{"@type":"WebPage","@id":"https:\/\/impiantitservice-fotovoltaico.it\/?page_id=3","url":"https:\/\/impiantitservice-fotovoltaico.it\/?page_id=3","name":"Privacy & Cookie Policy - Fotovoltaico Impianti T service","isPartOf":{"@id":"https:\/\/impiantitservice-fotovoltaico.it\/#website"},"datePublished":"2024-10-24T13:48:22+00:00","dateModified":"2024-10-24T14:37:28+00:00","breadcrumb":{"@id":"https:\/\/impiantitservice-fotovoltaico.it\/?page_id=3#breadcrumb"},"inLanguage":"it-IT","potentialAction":[{"@type":"ReadAction","target":["https:\/\/impiantitservice-fotovoltaico.it\/?page_id=3"]}]},{"@type":"BreadcrumbList","@id":"https:\/\/impiantitservice-fotovoltaico.it\/?page_id=3#breadcrumb","itemListElement":[{"@type":"ListItem","position":1,"name":"Home","item":"https:\/\/impiantitservice-fotovoltaico.it\/"},{"@type":"ListItem","position":2,"name":"Privacy &#038; Cookie Policy"}]},{"@type":"WebSite","@id":"https:\/\/impiantitservice-fotovoltaico.it\/#website","url":"https:\/\/impiantitservice-fotovoltaico.it\/","name":"Fotovoltaico Impianti T service","description":"Installazione impianti fotovoltaici","publisher":{"@id":"https:\/\/impiantitservice-fotovoltaico.it\/#organization"},"potentialAction":[{"@type":"SearchAction","target":{"@type":"EntryPoint","urlTemplate":"https:\/\/impiantitservice-fotovoltaico.it\/?s={search_term_string}"},"query-input":{"@type":"PropertyValueSpecification","valueRequired":true,"valueName":"search_term_string"}}],"inLanguage":"it-IT"},{"@type":"Organization","@id":"https:\/\/impiantitservice-fotovoltaico.it\/#organization","name":"Fotovoltaico Impianti T service","url":"https:\/\/impiantitservice-fotovoltaico.it\/","logo":{"@type":"ImageObject","inLanguage":"it-IT","@id":"https:\/\/impiantitservice-fotovoltaico.it\/#\/schema\/logo\/image\/","url":"https:\/\/impiantitservice-fotovoltaico.it\/wp-content\/uploads\/2024\/10\/1_-_Logo_Impianti_T_Service_orizzontale_RGB-removebg-preview.png","contentUrl":"https:\/\/impiantitservice-fotovoltaico.it\/wp-content\/uploads\/2024\/10\/1_-_Logo_Impianti_T_Service_orizzontale_RGB-removebg-preview.png","width":764,"height":149,"caption":"Fotovoltaico Impianti T service"},"image":{"@id":"https:\/\/impiantitservice-fotovoltaico.it\/#\/schema\/logo\/image\/"}}]}},"_links":{"self":[{"href":"https:\/\/impiantitservice-fotovoltaico.it\/index.php?rest_route=\/wp\/v2\/pages\/3","targetHints":{"allow":["GET"]}}],"collection":[{"href":"https:\/\/impiantitservice-fotovoltaico.it\/index.php?rest_route=\/wp\/v2\/pages"}],"about":[{"href":"https:\/\/impiantitservice-fotovoltaico.it\/index.php?rest_route=\/wp\/v2\/types\/page"}],"author":[{"embeddable":true,"href":"https:\/\/impiantitservice-fotovoltaico.it\/index.php?rest_route=\/wp\/v2\/users\/1"}],"replies":[{"embeddable":true,"href":"https:\/\/impiantitservice-fotovoltaico.it\/index.php?rest_route=%2Fwp%2Fv2%2Fcomments&post=3"}],"version-history":[{"count":2,"href":"https:\/\/impiantitservice-fotovoltaico.it\/index.php?rest_route=\/wp\/v2\/pages\/3\/revisions"}],"predecessor-version":[{"id":64,"href":"https:\/\/impiantitservice-fotovoltaico.it\/index.php?rest_route=\/wp\/v2\/pages\/3\/revisions\/64"}],"wp:attachment":[{"href":"https:\/\/impiantitservice-fotovoltaico.it\/index.php?rest_route=%2Fwp%2Fv2%2Fmedia&parent=3"}],"curies":[{"name":"wp","href":"https:\/\/api.w.org\/{rel}","templated":true}]}}